{"id":6607,"date":"2015-10-08T11:43:50","date_gmt":"2015-10-08T10:43:50","guid":{"rendered":"http:\/\/www.studio-irresistible.com\/creation-book\/?page_id=6607"},"modified":"2020-05-19T12:18:58","modified_gmt":"2020-05-19T11:18:58","slug":"postuler-a-l-agence","status":"publish","type":"page","link":"https:\/\/studio-irresistible.com\/creation-book\/postuler-a-l-agence\/","title":{"rendered":"Postuler \u00e0 l&rsquo;agence \/ Recrutement@ !"},"content":{"rendered":"<h3>Bienvenue \u00e0 l&rsquo;Agence Si !<\/h3>\n<p>Bonjour,<\/p>\n<p>Merci de l\u2019int\u00e9r\u00eat que vous portez \u00e0 notre studio ainsi que\u00a0de\u00a0votre envie de collaborer avec nous !<br \/>\nNous nous r\u00e9jouissons vivement de d\u00e9couvrir votre travail et pour\u00a0simplifier\u00a0nos \u00e9changes, nous avons cr\u00e9\u00e9 un mail \u00e0 cette\u00a0attention : <span style=\"text-decoration: underline;\"><span style=\"color: #0000ff; text-decoration: underline;\">recrutement @ studio-irresistible .com (retirez bien les espaces)<\/span><\/span><span style=\"color: #0000ff;\">.<\/span><span style=\"color: #000000;\">\u00a0<\/span><\/p>\n<h3><\/h3>\n<h3><span style=\"text-decoration: underline;\"><span style=\"color: #ff5500; text-decoration: underline;\"><strong>Attention : tous les stages 2020\/2021 sont annul\u00e9s<\/strong><\/span><\/span><\/h3>\n<p><span style=\"color: #28c710;\"><strong>Suite au r\u00e9am\u00e9nagement de nos activit\u00e9s au vu de la situation sanitaire travers\u00e9e, nous vous informons qu&rsquo;aucune place de stage n&rsquo;est ouverte pour le moment. Par ailleurs, n<\/strong><\/span><span style=\"color: #28c710;\"><strong>ous ne prenons ni Contrat Pro, ni Contrat d\u2019Apprentissage.<br \/>\n<\/strong><\/span><strong>Vous trouverez n\u00e9anmoins toujours toutes les infos sur les stages en bas de page.\u00a0<\/strong><\/p>\n<p>&nbsp;<\/p>\n<h3><strong>L&rsquo;agence Si | Studio-irresistible, en quelques mots !<\/strong><\/h3>\n<p style=\"padding-left: 30px;\">Pour mieux nous conna\u00eetre, voici quelques mots sur l&rsquo;agence.<\/p>\n<p style=\"padding-left: 30px;\">L&rsquo;Agence Si studio irr\u00e9sistible est sp\u00e9cialis\u00e9e en communication visuelle et est d\u00e9di\u00e9e aux projets \u00e9thiques, culturels et aux projets de d\u00e9veloppement durable. Ainsi nous vous accompagnons dans tous vos besoins en communication, du conseil en image \u00e0 la production d&rsquo;identit\u00e9 visuelle, du graphic design sous toutes ses formes \u00e0 la production de tous vos outils de communication \u00ab\u00a0multim\u00e9dias\/digitaux\u00a0\u00bb et \u00ab\u00a0prints\u00a0\u00bb) et nous accompagnons \u00e9galement certain clients dans l&rsquo;aboutissement de ces d\u00e9marches de com&rsquo; jusqu&rsquo;\u00e0 la r\u00e9alisation de projets \u00e9v\u00e9nementiels et sc\u00e9nographique.<br \/>\nParce que nous restons attach\u00e9 \u00e0 la cr\u00e9ation artistique, nous signons nous-m\u00eame les cr\u00e9ation de design ainsi que les r\u00e9alisons de projets artistique et d&rsquo;illustrations, du dessin d&rsquo;actualit\u00e9 \u00e0 l&rsquo;\u00e9v\u00e9nementiel, de la \u00ab\u00a0peinture live monumentales\u00a0\u00bb au \u00ab\u00a0cartooning live\u00a0\u00bb. Et sur la question de la transmission des savoir, nos expertises nous ont amen\u00e9es \u00e0 conduire de nombreux projets d\u2019ing\u00e9nierie p\u00e9dagogique, cours et workshops, dans diff\u00e9rentes structures, en Suisse et en France. Cela a \u00e9t\u00e9 notamment le cas en coordination p\u00e9dagogique sur la cr\u00e9ation et le montage des programmes de formations sup\u00e9rieures de <em>Graphic Design<\/em> de nivaux Master 2, inscrite au RNCP au Campus de la Fonderie de l&rsquo;Image (Bagnolet\/Paris &#8211; France).<\/p>\n<p style=\"padding-left: 30px;\">Nous travaillons en collaboration proche avec notre\u00a0agence partenaire M\u00e9diane \u2013 art &amp; communication (sp\u00e9cialis\u00e9e dans la communication \u00e0 l&rsquo;attention des professionnels des domaines artistiques, accompagnement de carri\u00e8re, formation, productions et films, bandes son d\u2019animations, mise en images et prise de vue \u00e9v\u00e9nementielles, etc). L&rsquo;Agence Si a \u00e9t\u00e9 fond\u00e9e en 2009 en SARL Irr\u00e9sistible ! Nous aimons beaucoup le caf\u00e9 (trop), les plantes vertes, les animaux (jamais assez), le camembert (toujours normand) et le gruy\u00e8re (toujours suisse), le recyclage du papier (et les arbres), l&rsquo;encre de Chine (et celle du Japon), l&rsquo;\u00e9cologie et la D\u00e9claration Universelle des Droits de l&rsquo;Homme !<\/p>\n<p style=\"padding-left: 30px;\">Voil\u00e0, nous esp\u00e9rons que ces quelques lignes auront pr\u00e9cis\u00e9 le tableau !<br \/>\nAvec nos meilleurs messages,<br \/>\nNicolas Jacquette et J\u00e9r\u00f4me Liniger<br \/>\nDirecteurs associ\u00e9s<\/p>\n<p>&nbsp;<\/p>\n<h3><strong>Collaborateur et Freelance<\/strong><\/h3>\n<p style=\"padding-left: 30px;\">Notre \u00e9quipe est au complet ! Nous collaborons d\u00e9j\u00e0 avec notre agence partenaire pour les travaux de com&rsquo; qui le demandent, ainsi qu&rsquo;avec des collaborateur de talent (photographe, d\u00e9veloppeur, designer, illustrateur et caricaturiste, etc.) alors pas de poste \u00e0 pourvoir de ce c\u00f4t\u00e9 l\u00e0. Mais si vous le voulez, vous pouvez nous envoyer tout de m\u00eame votre book PDF ou un lien de t\u00e9l\u00e9chargement <span style=\"text-decoration: underline;\">et l&rsquo;adresse de votre site web<\/span>. Nous sommes parfois amen\u00e9s \u00e0 avoir besoin de renfort en design, parfois sur des projets web, en d\u00e9v&rsquo;\u00a0<em>WordPress<\/em> et multi-sites, etc. A ce moment l\u00e0 il est int\u00e9ressant d&rsquo;avoir vos projets sous la main pour les consulter.<\/p>\n<p>&nbsp;<\/p>\n<h3><strong>Contrat en alternance<\/strong><\/h3>\n<p style=\"padding-left: 30px;\">Nous ne prenons ni Contrat de Professionnalisation, ni Contrat d\u2019Apprentissage.<\/p>\n<p>&nbsp;<\/p>\n<h3><strong>Stages<\/strong><\/h3>\n<h3 style=\"padding-left: 30px;\"><strong><span style=\"color: #28c710;\">En temps normal nous proposons une place de stage en DA, n<\/span><span style=\"color: #28c710;\">ous proposons des projets de stage \u00e0 l&rsquo;attention de\u00a0<em>DA Junior\/\u00a0Assistant de Studio-Cr\u00e9a Junior<\/em> (pour des stages de 2 mois max). <\/span><\/strong><\/h3>\n<h3 style=\"padding-left: 30px;\"><strong>Stagiaire \u00ab Graphiste\/DA &lsquo;junior&rsquo; &#8211; Assistant de studio graphique &lsquo;junior&rsquo; \u00bb<\/strong><\/h3>\n<p style=\"padding-left: 30px;\">Nous accueillons nos stagiaires &lsquo;DA junior&rsquo; pour des p\u00e9riodes de 8 semaines. Le niveau demand\u00e9 est en principe au moins un niveau BTS 1<sup>\u00e8re<\/sup> ann\u00e9e, mais un bon book peut nous s\u00e9duire\u00a0! Des\u00a0acquis sont n\u00e9cessaire pour que le stage soit profitable pour vous comme pour nous. Si vous n&rsquo;\u00eates pas encore en BTS, mais que vous estimez avoir un bon niveau, \u00e9tay\u00e9 par un book fourni, n&rsquo;h\u00e9sitez pas \u00e0 vous proposer.\u00a0<em><strong>La s\u00e9lection de nos stagiaires\u00a0se fait obligatoirement sur BOOK<\/strong><\/em>\u00a0(travaux graphiques et <span style=\"text-decoration: underline;\">travaux personnels<\/span>, PDF ou blog\/site en ligne, \u00e9ventuellement sur book r\u00e9el lors de votre venue),<\/p>\n<h3 style=\"padding-left: 30px;\"><strong>Septembre 2020 :\u00a0<\/strong><strong>Stagiaire \u00ab CM\/social m\u00e9dia \u00bb\u00a0<\/strong><\/h3>\n<p style=\"padding-left: 30px;\">Attention, pas de stage disponible pour le moment. Nous accueillons nos stagiaires en com web et r\u00e9seaux sociaux, pour des p\u00e9riodes de 1 mois. Le niveau demand\u00e9 est une bonne connaissance du milieu de l&rsquo;art et du design, de bonnes notions en anglais \u00e9crit et une orthographe\/grammaire impeccable en fran\u00e7ais. Pour finir, une petite connaissance de l&rsquo;interface wordpress est un + et un peu d&rsquo;histoire de l&rsquo;art est un gros + + !<\/p>\n<h3 style=\"padding-left: 30px;\"><span style=\"color: #28c710;\"><strong>Recrutement des stagiaires<\/strong><\/span><\/h3>\n<p style=\"padding-left: 30px;\">Nous r\u00e9ceptionnons votre Book et votre CV (m\u00eame pour les DA junior, sans book ou site web dans le premier mail, c&rsquo;est mort :'( Puis nous vous faisons une r\u00e9ponse et organisons une premi\u00e8re rencontre via Skype et\/ou une rencontre \u00e0 l\u2019agence, Paris 10<sup>e<\/sup> ! Vous l&rsquo;aurez compris, nous aimons l&rsquo;originalit\u00e9, la force de proposition et que vous ayez envie (pour de vrai) de participer activement \u00e0 toute la vie du studio, parfois m\u00eame aux rendez-vous clients, pr\u00e9sentations, rencontres pro, mais \u00e9galement aux vernissages et expos ! Sans cette \u00e9nergie, votre stage ne sera profitable pour personne. Alors si vous avez cet esprit explosif, vous serez le\/la bienvenu\/e ! Et pour finir, vous devez bien entendu\u00a0\u00eatre en mesure de produire une convention de stage de votre \u00e9tablissement (universitaire, \u00e9cole pro et BTS, programme europ\u00e9en ERASMUS, etc.).<br \/>\nVoil\u00e0 ! See you soon !<\/p>\n<p style=\"padding-left: 30px;\">Adresse mail pour postuler : recrutement @ studio-irresistible.com\u00a0(retirez les espaces de chaque c\u00f4t\u00e9 du @)<\/p>\n<p>&nbsp;<\/p>\n","protected":false},"excerpt":{"rendered":"<p>Bienvenue \u00e0 l&rsquo;Agence Si ! Bonjour, Merci de l\u2019int\u00e9r\u00eat que vous portez \u00e0 notre studio ainsi que\u00a0de\u00a0votre envie de collaborer avec nous ! Nous nous r\u00e9jouissons vivement de d\u00e9couvrir votre travail et pour\u00a0simplifier\u00a0nos \u00e9changes, nous avons cr\u00e9\u00e9 un mail \u00e0 cette\u00a0attention : recrutement @ studio-irresistible .com (retirez bien les espaces).\u00a0 Attention : tous les stages [&hellip;]<\/p>\n","protected":false},"author":1,"featured_media":0,"parent":0,"menu_order":0,"comment_status":"closed","ping_status":"closed","template":"","meta":{"_acf_changed":false,"_uag_custom_page_level_css":"","footnotes":""},"categories":[],"tags":[],"class_list":["post-6607","page","type-page","status-publish","hentry"],"acf":[],"yoast_head":"<!-- This site is optimized with the Yoast SEO plugin v27.4 - https:\/\/yoast.com\/product\/yoast-seo-wordpress\/ -->\n<title>Postuler \u00e0 l&#039;agence \/ Recrutement@ ! - studio-irresistible - le book<\/title>\n<meta name=\"robots\" content=\"index, follow, max-snippet:-1, max-image-preview:large, max-video-preview:-1\" \/>\n<link rel=\"canonical\" href=\"https:\/\/studio-irresistible.com\/creation-book\/postuler-a-l-agence\/\" \/>\n<meta property=\"og:locale\" content=\"fr_FR\" \/>\n<meta property=\"og:type\" content=\"article\" \/>\n<meta property=\"og:title\" content=\"Postuler \u00e0 l&#039;agence \/ Recrutement@ ! - studio-irresistible - le book\" \/>\n<meta property=\"og:description\" content=\"Bienvenue \u00e0 l&rsquo;Agence Si ! Bonjour, Merci de l\u2019int\u00e9r\u00eat que vous portez \u00e0 notre studio ainsi que\u00a0de\u00a0votre envie de collaborer avec nous ! Nous nous r\u00e9jouissons vivement de d\u00e9couvrir votre travail et pour\u00a0simplifier\u00a0nos \u00e9changes, nous avons cr\u00e9\u00e9 un mail \u00e0 cette\u00a0attention : recrutement @ studio-irresistible .com (retirez bien les espaces).\u00a0 Attention : tous les stages [&hellip;]\" \/>\n<meta property=\"og:url\" content=\"https:\/\/studio-irresistible.com\/creation-book\/postuler-a-l-agence\/\" \/>\n<meta property=\"og:site_name\" content=\"studio-irresistible - le book\" \/>\n<meta property=\"article:modified_time\" content=\"2020-05-19T11:18:58+00:00\" \/>\n<meta name=\"twitter:card\" content=\"summary_large_image\" \/>\n<meta name=\"twitter:label1\" content=\"Dur\u00e9e de lecture estim\u00e9e\" \/>\n\t<meta name=\"twitter:data1\" content=\"5 minutes\" \/>\n<script type=\"application\/ld+json\" class=\"yoast-schema-graph\">{\"@context\":\"https:\\\/\\\/schema.org\",\"@graph\":[{\"@type\":\"WebPage\",\"@id\":\"https:\\\/\\\/studio-irresistible.com\\\/creation-book\\\/postuler-a-l-agence\\\/\",\"url\":\"https:\\\/\\\/studio-irresistible.com\\\/creation-book\\\/postuler-a-l-agence\\\/\",\"name\":\"Postuler \u00e0 l'agence \\\/ Recrutement@ ! - studio-irresistible - le book\",\"isPartOf\":{\"@id\":\"https:\\\/\\\/studio-irresistible.com\\\/creation-book\\\/#website\"},\"datePublished\":\"2015-10-08T10:43:50+00:00\",\"dateModified\":\"2020-05-19T11:18:58+00:00\",\"breadcrumb\":{\"@id\":\"https:\\\/\\\/studio-irresistible.com\\\/creation-book\\\/postuler-a-l-agence\\\/#breadcrumb\"},\"inLanguage\":\"fr-FR\",\"potentialAction\":[{\"@type\":\"ReadAction\",\"target\":[\"https:\\\/\\\/studio-irresistible.com\\\/creation-book\\\/postuler-a-l-agence\\\/\"]}]},{\"@type\":\"BreadcrumbList\",\"@id\":\"https:\\\/\\\/studio-irresistible.com\\\/creation-book\\\/postuler-a-l-agence\\\/#breadcrumb\",\"itemListElement\":[{\"@type\":\"ListItem\",\"position\":1,\"name\":\"Accueil\",\"item\":\"https:\\\/\\\/studio-irresistible.com\\\/creation-book\\\/\"},{\"@type\":\"ListItem\",\"position\":2,\"name\":\"Postuler \u00e0 l&rsquo;agence \\\/ Recrutement@ !\"}]},{\"@type\":\"WebSite\",\"@id\":\"https:\\\/\\\/studio-irresistible.com\\\/creation-book\\\/#website\",\"url\":\"https:\\\/\\\/studio-irresistible.com\\\/creation-book\\\/\",\"name\":\"studio-irresistible - le book\",\"description\":\"studio de cr\u00e9ation graphique \u00e0 Paris\",\"potentialAction\":[{\"@type\":\"SearchAction\",\"target\":{\"@type\":\"EntryPoint\",\"urlTemplate\":\"https:\\\/\\\/studio-irresistible.com\\\/creation-book\\\/?s={search_term_string}\"},\"query-input\":{\"@type\":\"PropertyValueSpecification\",\"valueRequired\":true,\"valueName\":\"search_term_string\"}}],\"inLanguage\":\"fr-FR\"}]}<\/script>\n<!-- \/ Yoast SEO plugin. -->","yoast_head_json":{"title":"Postuler \u00e0 l'agence \/ Recrutement@ ! - studio-irresistible - le book","robots":{"index":"index","follow":"follow","max-snippet":"max-snippet:-1","max-image-preview":"max-image-preview:large","max-video-preview":"max-video-preview:-1"},"canonical":"https:\/\/studio-irresistible.com\/creation-book\/postuler-a-l-agence\/","og_locale":"fr_FR","og_type":"article","og_title":"Postuler \u00e0 l'agence \/ Recrutement@ ! - studio-irresistible - le book","og_description":"Bienvenue \u00e0 l&rsquo;Agence Si ! Bonjour, Merci de l\u2019int\u00e9r\u00eat que vous portez \u00e0 notre studio ainsi que\u00a0de\u00a0votre envie de collaborer avec nous ! Nous nous r\u00e9jouissons vivement de d\u00e9couvrir votre travail et pour\u00a0simplifier\u00a0nos \u00e9changes, nous avons cr\u00e9\u00e9 un mail \u00e0 cette\u00a0attention : recrutement @ studio-irresistible .com (retirez bien les espaces).\u00a0 Attention : tous les stages [&hellip;]","og_url":"https:\/\/studio-irresistible.com\/creation-book\/postuler-a-l-agence\/","og_site_name":"studio-irresistible - le book","article_modified_time":"2020-05-19T11:18:58+00:00","twitter_card":"summary_large_image","twitter_misc":{"Dur\u00e9e de lecture estim\u00e9e":"5 minutes"},"schema":{"@context":"https:\/\/schema.org","@graph":[{"@type":"WebPage","@id":"https:\/\/studio-irresistible.com\/creation-book\/postuler-a-l-agence\/","url":"https:\/\/studio-irresistible.com\/creation-book\/postuler-a-l-agence\/","name":"Postuler \u00e0 l'agence \/ Recrutement@ ! - studio-irresistible - le book","isPartOf":{"@id":"https:\/\/studio-irresistible.com\/creation-book\/#website"},"datePublished":"2015-10-08T10:43:50+00:00","dateModified":"2020-05-19T11:18:58+00:00","breadcrumb":{"@id":"https:\/\/studio-irresistible.com\/creation-book\/postuler-a-l-agence\/#breadcrumb"},"inLanguage":"fr-FR","potentialAction":[{"@type":"ReadAction","target":["https:\/\/studio-irresistible.com\/creation-book\/postuler-a-l-agence\/"]}]},{"@type":"BreadcrumbList","@id":"https:\/\/studio-irresistible.com\/creation-book\/postuler-a-l-agence\/#breadcrumb","itemListElement":[{"@type":"ListItem","position":1,"name":"Accueil","item":"https:\/\/studio-irresistible.com\/creation-book\/"},{"@type":"ListItem","position":2,"name":"Postuler \u00e0 l&rsquo;agence \/ Recrutement@ !"}]},{"@type":"WebSite","@id":"https:\/\/studio-irresistible.com\/creation-book\/#website","url":"https:\/\/studio-irresistible.com\/creation-book\/","name":"studio-irresistible - le book","description":"studio de cr\u00e9ation graphique \u00e0 Paris","potentialAction":[{"@type":"SearchAction","target":{"@type":"EntryPoint","urlTemplate":"https:\/\/studio-irresistible.com\/creation-book\/?s={search_term_string}"},"query-input":{"@type":"PropertyValueSpecification","valueRequired":true,"valueName":"search_term_string"}}],"inLanguage":"fr-FR"}]}},"uagb_featured_image_src":{"full":false,"thumbnail":false,"medium":false,"medium_large":false,"large":false,"1536x1536":false,"2048x2048":false,"mailpoet_newsletter_max":false,"menu-24x24":false,"menu-36x36":false,"menu-48x48":false},"uagb_author_info":{"display_name":"irresistible","author_link":"https:\/\/studio-irresistible.com\/creation-book\/projets\/author\/irresistible\/"},"uagb_comment_info":0,"uagb_excerpt":"Bienvenue \u00e0 l&rsquo;Agence Si ! Bonjour, Merci de l\u2019int\u00e9r\u00eat que vous portez \u00e0 notre studio ainsi que\u00a0de\u00a0votre envie de collaborer avec nous ! Nous nous r\u00e9jouissons vivement de d\u00e9couvrir votre travail et pour\u00a0simplifier\u00a0nos \u00e9changes, nous avons cr\u00e9\u00e9 un mail \u00e0 cette\u00a0attention : recrutement @ studio-irresistible .com (retirez bien les espaces).\u00a0 Attention : tous les stages\u2026","_links":{"self":[{"href":"https:\/\/studio-irresistible.com\/creation-book\/wp-json\/wp\/v2\/pages\/6607","targetHints":{"allow":["GET"]}}],"collection":[{"href":"https:\/\/studio-irresistible.com\/creation-book\/wp-json\/wp\/v2\/pages"}],"about":[{"href":"https:\/\/studio-irresistible.com\/creation-book\/wp-json\/wp\/v2\/types\/page"}],"author":[{"embeddable":true,"href":"https:\/\/studio-irresistible.com\/creation-book\/wp-json\/wp\/v2\/users\/1"}],"replies":[{"embeddable":true,"href":"https:\/\/studio-irresistible.com\/creation-book\/wp-json\/wp\/v2\/comments?post=6607"}],"version-history":[{"count":0,"href":"https:\/\/studio-irresistible.com\/creation-book\/wp-json\/wp\/v2\/pages\/6607\/revisions"}],"wp:attachment":[{"href":"https:\/\/studio-irresistible.com\/creation-book\/wp-json\/wp\/v2\/media?parent=6607"}],"wp:term":[{"taxonomy":"category","embeddable":true,"href":"https:\/\/studio-irresistible.com\/creation-book\/wp-json\/wp\/v2\/categories?post=6607"},{"taxonomy":"post_tag","embeddable":true,"href":"https:\/\/studio-irresistible.com\/creation-book\/wp-json\/wp\/v2\/tags?post=6607"}],"curies":[{"name":"wp","href":"https:\/\/api.w.org\/{rel}","templated":true}]}}