{"id":2719,"date":"2013-11-16T15:12:21","date_gmt":"2013-11-16T14:12:21","guid":{"rendered":"http:\/\/www.studio-irresistible.com\/creation-book\/?page_id=2719"},"modified":"2015-10-08T15:26:14","modified_gmt":"2015-10-08T14:26:14","slug":"digital-art-director-nicolas-jacquette","status":"publish","type":"page","link":"https:\/\/studio-irresistible.com\/creation-book\/digital-art-director-nicolas-jacquette\/","title":{"rendered":"Nicolas Jacquette \/ Directeur associ\u00e9 &#8211; DC Projets digitaux"},"content":{"rendered":"<p>Nicolas JACQUETTE, directeur artistique en projets web, chef de projet, illustrateur et dessinateur de presse, est\u00a0associ\u00e9 g\u00e9rant et fondateur avec <a href=\"http:\/\/www.studio-irresistible.com\/creation-book\/design-art-director-jerome-liniger\/\">J. LINIGER<\/a>\u00a0et M\u00e9diane &#8211; Art &amp; Communication, du Studio Irr\u00e9sistible, fond\u00e9\u00a0en 2009.<\/p>\n<p>En charge des projets\u00a0digitaux du studio, il est \u00e0 l\u2019origine de la \u00ab\u00a0<em>m\u00e9thode irr\u00e9sistible<\/em>\u201d, cette fa\u00e7on que le studio a de travailler si pr\u00e9cis\u00e9ment les projets et d\u2019affiner le\u00a0besoin\u00a0client de fa\u00e7on unique.\u00a0Nicolas g\u00e8re les projets web et la cr\u00e9ation des outils de communication multim\u00e9dia. Il signe \u00e9galement les courts m\u00e9trages anim\u00e9s, parfois cr\u00e9\u00e9s image par image, \u00a0notamment pour l\u2019<a title=\"Magazine Sensitif\" href=\"\/creation-book\/index.php?post\/motion\/inrs-m%C3%A9diane-art-et-communication-court-m%C3%A9trage-anim%C3%A9\" hreflang=\"fr\">Institut National de Recherche sur la S\u00e9curit\u00e9<\/a>,\u00a0<a title=\"Magazine Sensitif\" href=\"\/creation-book\/index.php?post\/motion\/ECC-pr%C3%A9article\" hreflang=\"fr\">Ethical Coffee Company<\/a>\u00a0(le c\u00e9l\u00e8bre concurrent de Nespresso) et\u00a0<a title=\"Magazine Sensitif\" href=\"\/creation-book\/index.php?post\/motion\/pizza-pino-Mich%C3%A8le-Bloch-Stukens-carte-de-voeux-anim%C3%A9e-web-2010\" hreflang=\"fr\">Pizza Pino<\/a>\u00a0ou encore <a href=\"http:\/\/www.studio-irresistible.com\/creation-book\/chronopost-film-danimation-evenementiel\/\">Chronopost<\/a>.\u00a0En tant que\u00a0dessinateur et illustrateur, il a sign\u00e9 plus de six ans la <a href=\"http:\/\/www.studio-irresistible.com\/creation-book\/creationsstripsensitif-kevin-alexla-mer-qu-on-voit-danser\/\">page de BD dans le magazine parisien Sensitif Mag<\/a>\u00a0et est fondateur avec <a href=\"https:\/\/fr.wikipedia.org\/wiki\/Robert_Fiess\" target=\"_blank\">Robert FIESS<\/a> et J. LINIGER du\u00a0site d&rsquo;information sur l&rsquo;\u00e9cologie et le dev. durable\u00a0<a title=\"Le blog du Crapaud\" href=\"http:\/\/www.lecrapaud.fr\" hreflang=\"fr\">Le Crapaud.fr<\/a>\u00a0o\u00f9 il \u00e9dite nombre de dessins de presse.<\/p>\n<p>Sa formation en Arts Appliqu\u00e9s et Architecture Int\u00e9rieure \u00e0 Caen, s&rsquo;est poursuivie \u00e0 Paris. En 2002 il continue ses\u00a0\u00e9tudes\u00a0en arts graphique et multim\u00e9dia \u00e0 l\u2019Institut d\u2019Etude Sup\u00e9rieure des Arts de Paris (IESA), et collabore avec le designer Fr\u00e9d\u00e9ric MANE, avec qui il travaille\u00a0sur de nombreux projets, pour ne parler que de celui\u00a0pour Nina Ricci. En 2011, \u00e0 la suite du\u00a0colloque \u00e0 l&rsquo;Universit\u00e9 de Yale \u00ab\u00a0Making Sense Colloquium\u00a0\u00bb, il fait la connaissance \u00e0\u00a0New York de l&rsquo;artiste photgraphe peintre <a href=\"http:\/\/katymartin.net\/\" target=\"_blank\">Katy MARTIN<\/a>, avec qui il entreprend en 2012 le projet \u00ab\u00a0Meeting Point\u00a0\u00bb. Aujourd&rsquo;hui il continue cette collaboration, avec J. LINIGER et K. MARTIN, ainsi que l&rsquo;auteur et r\u00e9alisateur <a href=\"http:\/\/christopheaverlan.fr\/\" target=\"_blank\">Christophe AVERLAN<\/a> cf. <a href=\"http:\/\/www.themeetingpointproject.com\">The Meeting Point Project<\/a>.<\/p>\n<p>Nicolas JACQUETTE donne des Workshop sur la direction de projets num\u00e9riques et collabore r\u00e9guli\u00e8rement avec le <a href=\"http:\/\/www.campusfonderiedelimage.org\/\">Campus de la Fonderie de l&rsquo;image<\/a> sur les jurys de certification professionnelle pour les formations de niveau II et I, notamment les formations sup\u00e9rieures de niveaux Licence et Mast\u00e8res \u00ab\u00a0Chef de Projets Num\u00e9riques\u00a0\u00bb, inscrites au RNCP.<\/p>\n<p>&nbsp;<\/p>\n<a href=\"http:\/\/www.studio-irresistible.com\/creation-book\/wp-content\/uploads\/2013\/11\/MG_1661-web.jpg\" data-rel=\"lightbox-image-0\" data-rl_title=\"\" data-rl_caption=\"\" title=\"\"><img loading=\"lazy\" decoding=\"async\" class=\"alignnone size-full wp-image-6613\" src=\"http:\/\/www.studio-irresistible.com\/creation-book\/wp-content\/uploads\/2013\/11\/MG_1661-web.jpg\" alt=\"_MG_1661-web\" width=\"800\" height=\"957\" srcset=\"https:\/\/studio-irresistible.com\/creation-book\/wp-content\/uploads\/2013\/11\/MG_1661-web.jpg 800w, https:\/\/studio-irresistible.com\/creation-book\/wp-content\/uploads\/2013\/11\/MG_1661-web-251x300.jpg 251w, https:\/\/studio-irresistible.com\/creation-book\/wp-content\/uploads\/2013\/11\/MG_1661-web-600x718.jpg 600w, https:\/\/studio-irresistible.com\/creation-book\/wp-content\/uploads\/2013\/11\/MG_1661-web-200x239.jpg 200w, https:\/\/studio-irresistible.com\/creation-book\/wp-content\/uploads\/2013\/11\/MG_1661-web-430x514.jpg 430w, https:\/\/studio-irresistible.com\/creation-book\/wp-content\/uploads\/2013\/11\/MG_1661-web-660x790.jpg 660w, https:\/\/studio-irresistible.com\/creation-book\/wp-content\/uploads\/2013\/11\/MG_1661-web-620x742.jpg 620w\" sizes=\"auto, (max-width: 800px) 100vw, 800px\" \/><\/a>\n<p>Photo DR studio irr\u00e9sistible &#8211; juillet 2015<\/p>\n<p>&nbsp;<\/p>\n<p>&nbsp;<\/p>\n","protected":false},"excerpt":{"rendered":"<p>Nicolas JACQUETTE, directeur artistique en projets web, chef de projet, illustrateur et dessinateur de presse, est\u00a0associ\u00e9 g\u00e9rant et fondateur avec J. LINIGER\u00a0et M\u00e9diane &#8211; Art &amp; Communication, du Studio Irr\u00e9sistible, fond\u00e9\u00a0en 2009. En charge des projets\u00a0digitaux du studio, il est \u00e0 l\u2019origine de la \u00ab\u00a0m\u00e9thode irr\u00e9sistible\u201d, cette fa\u00e7on que le studio a de travailler si [&hellip;]<\/p>\n","protected":false},"author":1,"featured_media":2654,"parent":0,"menu_order":0,"comment_status":"closed","ping_status":"closed","template":"","meta":{"_acf_changed":false,"_uag_custom_page_level_css":"","footnotes":""},"categories":[],"tags":[],"class_list":["post-2719","page","type-page","status-publish","has-post-thumbnail","hentry"],"acf":[],"yoast_head":"<!-- This site is optimized with the Yoast SEO plugin v27.4 - https:\/\/yoast.com\/product\/yoast-seo-wordpress\/ -->\n<title>Nicolas Jacquette \/ Directeur associ\u00e9 - DC Projets digitaux - studio-irresistible - le book<\/title>\n<meta name=\"robots\" content=\"index, follow, max-snippet:-1, max-image-preview:large, max-video-preview:-1\" \/>\n<link rel=\"canonical\" href=\"https:\/\/studio-irresistible.com\/creation-book\/digital-art-director-nicolas-jacquette\/\" \/>\n<meta property=\"og:locale\" content=\"fr_FR\" \/>\n<meta property=\"og:type\" content=\"article\" \/>\n<meta property=\"og:title\" content=\"Nicolas Jacquette \/ Directeur associ\u00e9 - DC Projets digitaux - studio-irresistible - le book\" \/>\n<meta property=\"og:description\" content=\"Nicolas JACQUETTE, directeur artistique en projets web, chef de projet, illustrateur et dessinateur de presse, est\u00a0associ\u00e9 g\u00e9rant et fondateur avec J. LINIGER\u00a0et M\u00e9diane &#8211; Art &amp; Communication, du Studio Irr\u00e9sistible, fond\u00e9\u00a0en 2009. En charge des projets\u00a0digitaux du studio, il est \u00e0 l\u2019origine de la \u00ab\u00a0m\u00e9thode irr\u00e9sistible\u201d, cette fa\u00e7on que le studio a de travailler si [&hellip;]\" \/>\n<meta property=\"og:url\" content=\"https:\/\/studio-irresistible.com\/creation-book\/digital-art-director-nicolas-jacquette\/\" \/>\n<meta property=\"og:site_name\" content=\"studio-irresistible - le book\" \/>\n<meta property=\"article:modified_time\" content=\"2015-10-08T14:26:14+00:00\" \/>\n<meta property=\"og:image\" content=\"https:\/\/studio-irresistible.com\/creation-book\/wp-content\/uploads\/2009\/09\/studio-irresistible_nicolas-jacquette_003-620x619.jpg\" \/>\n\t<meta property=\"og:image:width\" content=\"620\" \/>\n\t<meta property=\"og:image:height\" content=\"619\" \/>\n\t<meta property=\"og:image:type\" content=\"image\/jpeg\" \/>\n<meta name=\"twitter:card\" content=\"summary_large_image\" \/>\n<meta name=\"twitter:label1\" content=\"Dur\u00e9e de lecture estim\u00e9e\" \/>\n\t<meta name=\"twitter:data1\" content=\"2 minutes\" \/>\n<script type=\"application\/ld+json\" class=\"yoast-schema-graph\">{\"@context\":\"https:\\\/\\\/schema.org\",\"@graph\":[{\"@type\":\"WebPage\",\"@id\":\"https:\\\/\\\/studio-irresistible.com\\\/creation-book\\\/digital-art-director-nicolas-jacquette\\\/\",\"url\":\"https:\\\/\\\/studio-irresistible.com\\\/creation-book\\\/digital-art-director-nicolas-jacquette\\\/\",\"name\":\"Nicolas Jacquette \\\/ Directeur associ\u00e9 - DC Projets digitaux - studio-irresistible - le book\",\"isPartOf\":{\"@id\":\"https:\\\/\\\/studio-irresistible.com\\\/creation-book\\\/#website\"},\"primaryImageOfPage\":{\"@id\":\"https:\\\/\\\/studio-irresistible.com\\\/creation-book\\\/digital-art-director-nicolas-jacquette\\\/#primaryimage\"},\"image\":{\"@id\":\"https:\\\/\\\/studio-irresistible.com\\\/creation-book\\\/digital-art-director-nicolas-jacquette\\\/#primaryimage\"},\"thumbnailUrl\":\"https:\\\/\\\/studio-irresistible.com\\\/creation-book\\\/wp-content\\\/uploads\\\/2009\\\/09\\\/studio-irresistible_nicolas-jacquette_003-620x619.jpg\",\"datePublished\":\"2013-11-16T14:12:21+00:00\",\"dateModified\":\"2015-10-08T14:26:14+00:00\",\"breadcrumb\":{\"@id\":\"https:\\\/\\\/studio-irresistible.com\\\/creation-book\\\/digital-art-director-nicolas-jacquette\\\/#breadcrumb\"},\"inLanguage\":\"fr-FR\",\"potentialAction\":[{\"@type\":\"ReadAction\",\"target\":[\"https:\\\/\\\/studio-irresistible.com\\\/creation-book\\\/digital-art-director-nicolas-jacquette\\\/\"]}]},{\"@type\":\"ImageObject\",\"inLanguage\":\"fr-FR\",\"@id\":\"https:\\\/\\\/studio-irresistible.com\\\/creation-book\\\/digital-art-director-nicolas-jacquette\\\/#primaryimage\",\"url\":\"https:\\\/\\\/studio-irresistible.com\\\/creation-book\\\/wp-content\\\/uploads\\\/2009\\\/09\\\/studio-irresistible_nicolas-jacquette_003-620x619.jpg\",\"contentUrl\":\"https:\\\/\\\/studio-irresistible.com\\\/creation-book\\\/wp-content\\\/uploads\\\/2009\\\/09\\\/studio-irresistible_nicolas-jacquette_003-620x619.jpg\",\"width\":620,\"height\":619},{\"@type\":\"BreadcrumbList\",\"@id\":\"https:\\\/\\\/studio-irresistible.com\\\/creation-book\\\/digital-art-director-nicolas-jacquette\\\/#breadcrumb\",\"itemListElement\":[{\"@type\":\"ListItem\",\"position\":1,\"name\":\"Accueil\",\"item\":\"https:\\\/\\\/studio-irresistible.com\\\/creation-book\\\/\"},{\"@type\":\"ListItem\",\"position\":2,\"name\":\"Nicolas Jacquette \\\/ Directeur associ\u00e9 &#8211; DC Projets digitaux\"}]},{\"@type\":\"WebSite\",\"@id\":\"https:\\\/\\\/studio-irresistible.com\\\/creation-book\\\/#website\",\"url\":\"https:\\\/\\\/studio-irresistible.com\\\/creation-book\\\/\",\"name\":\"studio-irresistible - le book\",\"description\":\"studio de cr\u00e9ation graphique \u00e0 Paris\",\"potentialAction\":[{\"@type\":\"SearchAction\",\"target\":{\"@type\":\"EntryPoint\",\"urlTemplate\":\"https:\\\/\\\/studio-irresistible.com\\\/creation-book\\\/?s={search_term_string}\"},\"query-input\":{\"@type\":\"PropertyValueSpecification\",\"valueRequired\":true,\"valueName\":\"search_term_string\"}}],\"inLanguage\":\"fr-FR\"}]}<\/script>\n<!-- \/ Yoast SEO plugin. -->","yoast_head_json":{"title":"Nicolas Jacquette \/ Directeur associ\u00e9 - DC Projets digitaux - studio-irresistible - le book","robots":{"index":"index","follow":"follow","max-snippet":"max-snippet:-1","max-image-preview":"max-image-preview:large","max-video-preview":"max-video-preview:-1"},"canonical":"https:\/\/studio-irresistible.com\/creation-book\/digital-art-director-nicolas-jacquette\/","og_locale":"fr_FR","og_type":"article","og_title":"Nicolas Jacquette \/ Directeur associ\u00e9 - DC Projets digitaux - studio-irresistible - le book","og_description":"Nicolas JACQUETTE, directeur artistique en projets web, chef de projet, illustrateur et dessinateur de presse, est\u00a0associ\u00e9 g\u00e9rant et fondateur avec J. LINIGER\u00a0et M\u00e9diane &#8211; Art &amp; Communication, du Studio Irr\u00e9sistible, fond\u00e9\u00a0en 2009. En charge des projets\u00a0digitaux du studio, il est \u00e0 l\u2019origine de la \u00ab\u00a0m\u00e9thode irr\u00e9sistible\u201d, cette fa\u00e7on que le studio a de travailler si [&hellip;]","og_url":"https:\/\/studio-irresistible.com\/creation-book\/digital-art-director-nicolas-jacquette\/","og_site_name":"studio-irresistible - le book","article_modified_time":"2015-10-08T14:26:14+00:00","og_image":[{"width":620,"height":619,"url":"https:\/\/studio-irresistible.com\/creation-book\/wp-content\/uploads\/2009\/09\/studio-irresistible_nicolas-jacquette_003-620x619.jpg","type":"image\/jpeg"}],"twitter_card":"summary_large_image","twitter_misc":{"Dur\u00e9e de lecture estim\u00e9e":"2 minutes"},"schema":{"@context":"https:\/\/schema.org","@graph":[{"@type":"WebPage","@id":"https:\/\/studio-irresistible.com\/creation-book\/digital-art-director-nicolas-jacquette\/","url":"https:\/\/studio-irresistible.com\/creation-book\/digital-art-director-nicolas-jacquette\/","name":"Nicolas Jacquette \/ Directeur associ\u00e9 - DC Projets digitaux - studio-irresistible - le book","isPartOf":{"@id":"https:\/\/studio-irresistible.com\/creation-book\/#website"},"primaryImageOfPage":{"@id":"https:\/\/studio-irresistible.com\/creation-book\/digital-art-director-nicolas-jacquette\/#primaryimage"},"image":{"@id":"https:\/\/studio-irresistible.com\/creation-book\/digital-art-director-nicolas-jacquette\/#primaryimage"},"thumbnailUrl":"https:\/\/studio-irresistible.com\/creation-book\/wp-content\/uploads\/2009\/09\/studio-irresistible_nicolas-jacquette_003-620x619.jpg","datePublished":"2013-11-16T14:12:21+00:00","dateModified":"2015-10-08T14:26:14+00:00","breadcrumb":{"@id":"https:\/\/studio-irresistible.com\/creation-book\/digital-art-director-nicolas-jacquette\/#breadcrumb"},"inLanguage":"fr-FR","potentialAction":[{"@type":"ReadAction","target":["https:\/\/studio-irresistible.com\/creation-book\/digital-art-director-nicolas-jacquette\/"]}]},{"@type":"ImageObject","inLanguage":"fr-FR","@id":"https:\/\/studio-irresistible.com\/creation-book\/digital-art-director-nicolas-jacquette\/#primaryimage","url":"https:\/\/studio-irresistible.com\/creation-book\/wp-content\/uploads\/2009\/09\/studio-irresistible_nicolas-jacquette_003-620x619.jpg","contentUrl":"https:\/\/studio-irresistible.com\/creation-book\/wp-content\/uploads\/2009\/09\/studio-irresistible_nicolas-jacquette_003-620x619.jpg","width":620,"height":619},{"@type":"BreadcrumbList","@id":"https:\/\/studio-irresistible.com\/creation-book\/digital-art-director-nicolas-jacquette\/#breadcrumb","itemListElement":[{"@type":"ListItem","position":1,"name":"Accueil","item":"https:\/\/studio-irresistible.com\/creation-book\/"},{"@type":"ListItem","position":2,"name":"Nicolas Jacquette \/ Directeur associ\u00e9 &#8211; DC Projets digitaux"}]},{"@type":"WebSite","@id":"https:\/\/studio-irresistible.com\/creation-book\/#website","url":"https:\/\/studio-irresistible.com\/creation-book\/","name":"studio-irresistible - le book","description":"studio de cr\u00e9ation graphique \u00e0 Paris","potentialAction":[{"@type":"SearchAction","target":{"@type":"EntryPoint","urlTemplate":"https:\/\/studio-irresistible.com\/creation-book\/?s={search_term_string}"},"query-input":{"@type":"PropertyValueSpecification","valueRequired":true,"valueName":"search_term_string"}}],"inLanguage":"fr-FR"}]}},"uagb_featured_image_src":{"full":["https:\/\/studio-irresistible.com\/creation-book\/wp-content\/uploads\/2009\/09\/studio-irresistible_nicolas-jacquette_003-620x619.jpg",620,619,false],"thumbnail":["https:\/\/studio-irresistible.com\/creation-book\/wp-content\/uploads\/2009\/09\/studio-irresistible_nicolas-jacquette_003-620x619-150x150.jpg",150,150,true],"medium":["https:\/\/studio-irresistible.com\/creation-book\/wp-content\/uploads\/2009\/09\/studio-irresistible_nicolas-jacquette_003-620x619-300x300.jpg",300,300,true],"medium_large":["https:\/\/studio-irresistible.com\/creation-book\/wp-content\/uploads\/2009\/09\/studio-irresistible_nicolas-jacquette_003-620x619.jpg",620,619,false],"large":["https:\/\/studio-irresistible.com\/creation-book\/wp-content\/uploads\/2009\/09\/studio-irresistible_nicolas-jacquette_003-620x619.jpg",620,619,false],"1536x1536":["https:\/\/studio-irresistible.com\/creation-book\/wp-content\/uploads\/2009\/09\/studio-irresistible_nicolas-jacquette_003-620x619.jpg",620,619,false],"2048x2048":["https:\/\/studio-irresistible.com\/creation-book\/wp-content\/uploads\/2009\/09\/studio-irresistible_nicolas-jacquette_003-620x619.jpg",620,619,false],"mailpoet_newsletter_max":["https:\/\/studio-irresistible.com\/creation-book\/wp-content\/uploads\/2009\/09\/studio-irresistible_nicolas-jacquette_003-620x619.jpg",620,619,false],"menu-24x24":["https:\/\/studio-irresistible.com\/creation-book\/wp-content\/uploads\/2009\/09\/studio-irresistible_nicolas-jacquette_003-620x619.jpg",24,24,false],"menu-36x36":["https:\/\/studio-irresistible.com\/creation-book\/wp-content\/uploads\/2009\/09\/studio-irresistible_nicolas-jacquette_003-620x619.jpg",36,36,false],"menu-48x48":["https:\/\/studio-irresistible.com\/creation-book\/wp-content\/uploads\/2009\/09\/studio-irresistible_nicolas-jacquette_003-620x619.jpg",48,48,false]},"uagb_author_info":{"display_name":"irresistible","author_link":"https:\/\/studio-irresistible.com\/creation-book\/projets\/author\/irresistible\/"},"uagb_comment_info":0,"uagb_excerpt":"Nicolas JACQUETTE, directeur artistique en projets web, chef de projet, illustrateur et dessinateur de presse, est\u00a0associ\u00e9 g\u00e9rant et fondateur avec J. LINIGER\u00a0et M\u00e9diane &#8211; Art &amp; Communication, du Studio Irr\u00e9sistible, fond\u00e9\u00a0en 2009. En charge des projets\u00a0digitaux du studio, il est \u00e0 l\u2019origine de la \u00ab\u00a0m\u00e9thode irr\u00e9sistible\u201d, cette fa\u00e7on que le studio a de travailler si\u2026","_links":{"self":[{"href":"https:\/\/studio-irresistible.com\/creation-book\/wp-json\/wp\/v2\/pages\/2719","targetHints":{"allow":["GET"]}}],"collection":[{"href":"https:\/\/studio-irresistible.com\/creation-book\/wp-json\/wp\/v2\/pages"}],"about":[{"href":"https:\/\/studio-irresistible.com\/creation-book\/wp-json\/wp\/v2\/types\/page"}],"author":[{"embeddable":true,"href":"https:\/\/studio-irresistible.com\/creation-book\/wp-json\/wp\/v2\/users\/1"}],"replies":[{"embeddable":true,"href":"https:\/\/studio-irresistible.com\/creation-book\/wp-json\/wp\/v2\/comments?post=2719"}],"version-history":[{"count":0,"href":"https:\/\/studio-irresistible.com\/creation-book\/wp-json\/wp\/v2\/pages\/2719\/revisions"}],"wp:featuredmedia":[{"embeddable":true,"href":"https:\/\/studio-irresistible.com\/creation-book\/wp-json\/wp\/v2\/media\/2654"}],"wp:attachment":[{"href":"https:\/\/studio-irresistible.com\/creation-book\/wp-json\/wp\/v2\/media?parent=2719"}],"wp:term":[{"taxonomy":"category","embeddable":true,"href":"https:\/\/studio-irresistible.com\/creation-book\/wp-json\/wp\/v2\/categories?post=2719"},{"taxonomy":"post_tag","embeddable":true,"href":"https:\/\/studio-irresistible.com\/creation-book\/wp-json\/wp\/v2\/tags?post=2719"}],"curies":[{"name":"wp","href":"https:\/\/api.w.org\/{rel}","templated":true}]}}