{"id":2627,"date":"2013-11-16T15:11:24","date_gmt":"2013-11-16T14:11:24","guid":{"rendered":"http:\/\/www.studio-irresistible.com\/creation-book\/?page_id=2627"},"modified":"2020-09-04T12:12:36","modified_gmt":"2020-09-04T11:12:36","slug":"design-art-director-jerome-liniger","status":"publish","type":"page","link":"https:\/\/studio-irresistible.com\/creation-book\/design-art-director-jerome-liniger\/","title":{"rendered":"J\u00e9r\u00f4me Liniger \/ Directeur associ\u00e9 &#8211; Designer Dir. Artistique"},"content":{"rendered":"<p>J\u00e9r\u00f4me Liniger, designer,\u00a0chef de projet, dessinateur de presse et plasticien, est\u00a0associ\u00e9 g\u00e9rant et fondateur avec <a href=\"http:\/\/www.studio-irresistible.com\/creation-book\/digital-art-director-nicolas-jacquette\/\" target=\"_blank\" rel=\"noopener noreferrer\">N. JACQUETTE<\/a>\u00a0et M\u00e9diane \u2013 Art &amp; Communication, du Studio Irr\u00e9sistible, fond\u00e9\u00a0en 2009.<\/p>\n<p>Dans le studio, il signe plus particuli\u00e8rement la\u00a0conception graphique\u00a0des projets en y insufflant son exp\u00e9rience de plasticien et sa culture graphique clairement venue de Suisse ! \u00a0J\u00e9r\u00f4me dirige\u00a0la cr\u00e9ation sur les outils de communication visuelle et signe plus particuli\u00e8rement les actions paintings, peintures monumentales cr\u00e9\u00e9es en directe pour des \u00e9v\u00e8nements de prestige, notamment pour Natixis (Op\u00e9ra Garnier), le Gala d\u2019Anniversaire d\u2019Holmatro inc. (Port de Baltimore USA), Merryl Lynch (Ch\u00e2teau Mont Royal, Chantilly), ou encore\u00a0Microsoft, L\u2019Agefi, Natixis\u2026 et des sc\u00e9nographie d&rsquo;\u00e9v\u00e9nement de prestige telle que celle de l&rsquo;Exposition Philippes, 100 ans d&rsquo;arch\u00e9ologie \u00e0 l&rsquo;UNESCO.\u00a0En tant que\u00a0dessinateur de presse, il signe depuis plus de 15 ans\u00a0la Revue de presse du Suisse Magazine\u00a0et est fondateur avec <a href=\"https:\/\/fr.wikipedia.org\/wiki\/Robert_Fiess\" target=\"_blank\" rel=\"noopener noreferrer\">Robert FIESS<\/a> et N. JACQUETTE\u00a0du\u00a0site d\u2019information sur l\u2019\u00e9cologie et le dev. durable\u00a0<a title=\"Le blog du Crapaud\" href=\"http:\/\/www.lecrapaud.fr\/\" target=\"_blank\" hreflang=\"fr\" data-slimstat-tracking=\"true\" data-slimstat-callback=\"true\" data-slimstat-type=\"0\" rel=\"noopener noreferrer\">Le Crapaud.fr<\/a>\u00a0o\u00f9 il \u00e9dite nombre d&rsquo;illustrations de presse. Il re\u00e7ois en 2015 le PRIX DU CLUB DE LA PRESSE au Salon International du dessin de presse et d&rsquo;humour de Saint-Just (France).<\/p>\n<p>Plasticien et Designer, form\u00e9 aux Beaux-Arts de Neuch\u00e2tel &#8211; Suisse, aux Ateliers de Saint Prex &#8211;\u00a0Suisse et en peinture traditionnelle \u00e0 Tokyo &#8211; Japon, il est dipl\u00f4m\u00e9 de l\u2019<a href=\"https:\/\/www.beauxartsparis.fr\/fr\/\" target=\"_blank\" rel=\"noopener noreferrer\">Ecole Nationale Sup\u00e9rieure des Beaux-Arts de Paris<\/a> &#8211; France, sous l\u2019\u00e9gide d\u2019Ouan\u00e8s AMOR et Claude VIALLAT. Avec de tr\u00e8s nombreuse exposition en Suisse, France, UK, Chine,\u00a0J\u00e9r\u00f4me collabore depuis avec des chor\u00e9graphes et des metteurs en sc\u00e8ne dans des sc\u00e9nographies et des performances de peintures monumentales et est repr\u00e9sent\u00e9 aujourd&rsquo;hui \u00e0 Paris par la Galerie Double S (Paris &#8211; Pekin).\u00a0En 2011, \u00e0 la suite du\u00a0colloque \u00e0 l\u2019Universit\u00e9 de Yale \u00ab\u00a0Making Sense Colloquium\u00a0\u00bb, il fait la connaissance \u00e0\u00a0New York de l\u2019artiste photgraphe peintre <a href=\"http:\/\/katymartin.net\/\" target=\"_blank\" rel=\"noopener noreferrer\">Katy MARTIN<\/a>, avec qui il entreprend en 2012 le projet \u00ab\u00a0Meeting Point\u00a0\u00bb. Aujourd\u2019hui il continue cette collaboration, avec N. JACQUETTE\u00a0et K. MARTIN, ainsi que l\u2019auteur et r\u00e9alisateur <a href=\"http:\/\/christopheaverlan.fr\/\" target=\"_blank\" rel=\"noopener noreferrer\">Christophe AVERLAN<\/a> sur un projet international de collaboration artistique nomm\u00e9 <a href=\"http:\/\/www.themeetingpointproject.com\/\" target=\"_blank\" data-slimstat-tracking=\"true\" data-slimstat-callback=\"true\" data-slimstat-type=\"0\" rel=\"noopener noreferrer\">The Meeting Point Project<\/a>, projet\u00e9 entre autre\u00a0\u00e0 NYC au\u00a0<a href=\"http:\/\/anthologyfilmarchives.org\/\" target=\"_blank\" rel=\"noopener noreferrer\">Anthology Film Archives<\/a>\u00a0et \u00e0 la SACD \u00e0 Paris.<\/p>\n<p>En Enseignement et p\u00e9dagogie, il a coordonn\u00e9 la p\u00e9dagogie et l\u2019ing\u00e9nierie des formations de niveau sup\u00e9rieur au <a href=\"http:\/\/www.campusfonderiedelimage.org\/formations\/mastere-international-en-design-graphique\" target=\"_blank\" rel=\"noopener noreferrer\">Campus de la Fonderie de l\u2019image <\/a>de 2009 \u00e0 2013, sur la mise en place des programmes d&rsquo;\u00e9tude sup\u00e9rieure en\u00a0Design et en\u00a0Communication multim\u00e9dia. Formateur sur les processus de cr\u00e9ation et en Design d&rsquo;espace, mais \u00e9galement en roughs et dessins, il y enseigne aujourd\u2019hui en bin\u00f4me avec <a href=\"http:\/\/www.anthonymasure.com\/\" target=\"_blank\" rel=\"noopener noreferrer\">Phd Anthony Masure<\/a>, le Design d\u2019Espace et le Design d\u2019Exp\u00e9rience.<\/p>\n<a href=\"http:\/\/www.studio-irresistible.com\/creation-book\/wp-content\/uploads\/2013\/11\/Portrait_JeromeLINIGER-2_1461-web.jpg\" data-rel=\"lightbox-image-0\" data-rl_title=\"\" data-rl_caption=\"\" title=\"\"><img loading=\"lazy\" decoding=\"async\" class=\"alignnone size-full wp-image-6611\" src=\"http:\/\/www.studio-irresistible.com\/creation-book\/wp-content\/uploads\/2013\/11\/Portrait_JeromeLINIGER-2_1461-web.jpg\" alt=\"studio-irresistible_ portrait de J\u00e9r\u00f4me LINIGER\" width=\"800\" height=\"800\" srcset=\"https:\/\/studio-irresistible.com\/creation-book\/wp-content\/uploads\/2013\/11\/Portrait_JeromeLINIGER-2_1461-web.jpg 800w, https:\/\/studio-irresistible.com\/creation-book\/wp-content\/uploads\/2013\/11\/Portrait_JeromeLINIGER-2_1461-web-150x150.jpg 150w, https:\/\/studio-irresistible.com\/creation-book\/wp-content\/uploads\/2013\/11\/Portrait_JeromeLINIGER-2_1461-web-300x300.jpg 300w, https:\/\/studio-irresistible.com\/creation-book\/wp-content\/uploads\/2013\/11\/Portrait_JeromeLINIGER-2_1461-web-600x600.jpg 600w, https:\/\/studio-irresistible.com\/creation-book\/wp-content\/uploads\/2013\/11\/Portrait_JeromeLINIGER-2_1461-web-200x200.jpg 200w, https:\/\/studio-irresistible.com\/creation-book\/wp-content\/uploads\/2013\/11\/Portrait_JeromeLINIGER-2_1461-web-430x430.jpg 430w, https:\/\/studio-irresistible.com\/creation-book\/wp-content\/uploads\/2013\/11\/Portrait_JeromeLINIGER-2_1461-web-660x660.jpg 660w, https:\/\/studio-irresistible.com\/creation-book\/wp-content\/uploads\/2013\/11\/Portrait_JeromeLINIGER-2_1461-web-620x620.jpg 620w\" sizes=\"auto, (max-width: 800px) 100vw, 800px\" \/><\/a><a href=\"http:\/\/www.studio-irresistible.com\/creation-book\/wp-content\/uploads\/2009\/09\/studio-irresistible_jerome-liniger_003-620x620.jpg\" data-rel=\"lightbox-image-1\" data-rl_title=\"\" data-rl_caption=\"\" title=\"\"><br \/><\/a>\n<p>&nbsp;<\/p>\n","protected":false},"excerpt":{"rendered":"<p>J\u00e9r\u00f4me Liniger, designer,\u00a0chef de projet, dessinateur de presse et plasticien, est\u00a0associ\u00e9 g\u00e9rant et fondateur avec N. JACQUETTE\u00a0et M\u00e9diane \u2013 Art &amp; Communication, du Studio Irr\u00e9sistible, fond\u00e9\u00a0en 2009. Dans le studio, il signe plus particuli\u00e8rement la\u00a0conception graphique\u00a0des projets en y insufflant son exp\u00e9rience de plasticien et sa culture graphique clairement venue de Suisse ! \u00a0J\u00e9r\u00f4me dirige\u00a0la [&hellip;]<\/p>\n","protected":false},"author":1,"featured_media":2652,"parent":0,"menu_order":0,"comment_status":"closed","ping_status":"closed","template":"","meta":{"_acf_changed":false,"_uag_custom_page_level_css":"","footnotes":""},"categories":[],"tags":[],"class_list":["post-2627","page","type-page","status-publish","has-post-thumbnail","hentry"],"acf":[],"yoast_head":"<!-- This site is optimized with the Yoast SEO plugin v27.4 - https:\/\/yoast.com\/product\/yoast-seo-wordpress\/ -->\n<title>J\u00e9r\u00f4me Liniger \/ Directeur associ\u00e9 - Designer Dir. Artistique - studio-irresistible - le book<\/title>\n<meta name=\"robots\" content=\"index, follow, max-snippet:-1, max-image-preview:large, max-video-preview:-1\" \/>\n<link rel=\"canonical\" href=\"https:\/\/studio-irresistible.com\/creation-book\/design-art-director-jerome-liniger\/\" \/>\n<meta property=\"og:locale\" content=\"fr_FR\" \/>\n<meta property=\"og:type\" content=\"article\" \/>\n<meta property=\"og:title\" content=\"J\u00e9r\u00f4me Liniger \/ Directeur associ\u00e9 - Designer Dir. Artistique - studio-irresistible - le book\" \/>\n<meta property=\"og:description\" content=\"J\u00e9r\u00f4me Liniger, designer,\u00a0chef de projet, dessinateur de presse et plasticien, est\u00a0associ\u00e9 g\u00e9rant et fondateur avec N. JACQUETTE\u00a0et M\u00e9diane \u2013 Art &amp; Communication, du Studio Irr\u00e9sistible, fond\u00e9\u00a0en 2009. Dans le studio, il signe plus particuli\u00e8rement la\u00a0conception graphique\u00a0des projets en y insufflant son exp\u00e9rience de plasticien et sa culture graphique clairement venue de Suisse ! \u00a0J\u00e9r\u00f4me dirige\u00a0la [&hellip;]\" \/>\n<meta property=\"og:url\" content=\"https:\/\/studio-irresistible.com\/creation-book\/design-art-director-jerome-liniger\/\" \/>\n<meta property=\"og:site_name\" content=\"studio-irresistible - le book\" \/>\n<meta property=\"article:modified_time\" content=\"2020-09-04T11:12:36+00:00\" \/>\n<meta property=\"og:image\" content=\"https:\/\/studio-irresistible.com\/creation-book\/wp-content\/uploads\/2009\/09\/studio-irresistible_jerome-liniger_003-620x620.jpg\" \/>\n\t<meta property=\"og:image:width\" content=\"620\" \/>\n\t<meta property=\"og:image:height\" content=\"620\" \/>\n\t<meta property=\"og:image:type\" content=\"image\/jpeg\" \/>\n<meta name=\"twitter:card\" content=\"summary_large_image\" \/>\n<meta name=\"twitter:label1\" content=\"Dur\u00e9e de lecture estim\u00e9e\" \/>\n\t<meta name=\"twitter:data1\" content=\"2 minutes\" \/>\n<script type=\"application\/ld+json\" class=\"yoast-schema-graph\">{\"@context\":\"https:\\\/\\\/schema.org\",\"@graph\":[{\"@type\":\"WebPage\",\"@id\":\"https:\\\/\\\/studio-irresistible.com\\\/creation-book\\\/design-art-director-jerome-liniger\\\/\",\"url\":\"https:\\\/\\\/studio-irresistible.com\\\/creation-book\\\/design-art-director-jerome-liniger\\\/\",\"name\":\"J\u00e9r\u00f4me Liniger \\\/ Directeur associ\u00e9 - Designer Dir. Artistique - studio-irresistible - le book\",\"isPartOf\":{\"@id\":\"https:\\\/\\\/studio-irresistible.com\\\/creation-book\\\/#website\"},\"primaryImageOfPage\":{\"@id\":\"https:\\\/\\\/studio-irresistible.com\\\/creation-book\\\/design-art-director-jerome-liniger\\\/#primaryimage\"},\"image\":{\"@id\":\"https:\\\/\\\/studio-irresistible.com\\\/creation-book\\\/design-art-director-jerome-liniger\\\/#primaryimage\"},\"thumbnailUrl\":\"https:\\\/\\\/studio-irresistible.com\\\/creation-book\\\/wp-content\\\/uploads\\\/2009\\\/09\\\/studio-irresistible_jerome-liniger_003-620x620.jpg\",\"datePublished\":\"2013-11-16T14:11:24+00:00\",\"dateModified\":\"2020-09-04T11:12:36+00:00\",\"breadcrumb\":{\"@id\":\"https:\\\/\\\/studio-irresistible.com\\\/creation-book\\\/design-art-director-jerome-liniger\\\/#breadcrumb\"},\"inLanguage\":\"fr-FR\",\"potentialAction\":[{\"@type\":\"ReadAction\",\"target\":[\"https:\\\/\\\/studio-irresistible.com\\\/creation-book\\\/design-art-director-jerome-liniger\\\/\"]}]},{\"@type\":\"ImageObject\",\"inLanguage\":\"fr-FR\",\"@id\":\"https:\\\/\\\/studio-irresistible.com\\\/creation-book\\\/design-art-director-jerome-liniger\\\/#primaryimage\",\"url\":\"https:\\\/\\\/studio-irresistible.com\\\/creation-book\\\/wp-content\\\/uploads\\\/2009\\\/09\\\/studio-irresistible_jerome-liniger_003-620x620.jpg\",\"contentUrl\":\"https:\\\/\\\/studio-irresistible.com\\\/creation-book\\\/wp-content\\\/uploads\\\/2009\\\/09\\\/studio-irresistible_jerome-liniger_003-620x620.jpg\",\"width\":620,\"height\":620},{\"@type\":\"BreadcrumbList\",\"@id\":\"https:\\\/\\\/studio-irresistible.com\\\/creation-book\\\/design-art-director-jerome-liniger\\\/#breadcrumb\",\"itemListElement\":[{\"@type\":\"ListItem\",\"position\":1,\"name\":\"Accueil\",\"item\":\"https:\\\/\\\/studio-irresistible.com\\\/creation-book\\\/\"},{\"@type\":\"ListItem\",\"position\":2,\"name\":\"J\u00e9r\u00f4me Liniger \\\/ Directeur associ\u00e9 &#8211; Designer Dir. Artistique\"}]},{\"@type\":\"WebSite\",\"@id\":\"https:\\\/\\\/studio-irresistible.com\\\/creation-book\\\/#website\",\"url\":\"https:\\\/\\\/studio-irresistible.com\\\/creation-book\\\/\",\"name\":\"studio-irresistible - le book\",\"description\":\"studio de cr\u00e9ation graphique \u00e0 Paris\",\"potentialAction\":[{\"@type\":\"SearchAction\",\"target\":{\"@type\":\"EntryPoint\",\"urlTemplate\":\"https:\\\/\\\/studio-irresistible.com\\\/creation-book\\\/?s={search_term_string}\"},\"query-input\":{\"@type\":\"PropertyValueSpecification\",\"valueRequired\":true,\"valueName\":\"search_term_string\"}}],\"inLanguage\":\"fr-FR\"}]}<\/script>\n<!-- \/ Yoast SEO plugin. -->","yoast_head_json":{"title":"J\u00e9r\u00f4me Liniger \/ Directeur associ\u00e9 - Designer Dir. Artistique - studio-irresistible - le book","robots":{"index":"index","follow":"follow","max-snippet":"max-snippet:-1","max-image-preview":"max-image-preview:large","max-video-preview":"max-video-preview:-1"},"canonical":"https:\/\/studio-irresistible.com\/creation-book\/design-art-director-jerome-liniger\/","og_locale":"fr_FR","og_type":"article","og_title":"J\u00e9r\u00f4me Liniger \/ Directeur associ\u00e9 - Designer Dir. Artistique - studio-irresistible - le book","og_description":"J\u00e9r\u00f4me Liniger, designer,\u00a0chef de projet, dessinateur de presse et plasticien, est\u00a0associ\u00e9 g\u00e9rant et fondateur avec N. JACQUETTE\u00a0et M\u00e9diane \u2013 Art &amp; Communication, du Studio Irr\u00e9sistible, fond\u00e9\u00a0en 2009. Dans le studio, il signe plus particuli\u00e8rement la\u00a0conception graphique\u00a0des projets en y insufflant son exp\u00e9rience de plasticien et sa culture graphique clairement venue de Suisse ! \u00a0J\u00e9r\u00f4me dirige\u00a0la [&hellip;]","og_url":"https:\/\/studio-irresistible.com\/creation-book\/design-art-director-jerome-liniger\/","og_site_name":"studio-irresistible - le book","article_modified_time":"2020-09-04T11:12:36+00:00","og_image":[{"width":620,"height":620,"url":"https:\/\/studio-irresistible.com\/creation-book\/wp-content\/uploads\/2009\/09\/studio-irresistible_jerome-liniger_003-620x620.jpg","type":"image\/jpeg"}],"twitter_card":"summary_large_image","twitter_misc":{"Dur\u00e9e de lecture estim\u00e9e":"2 minutes"},"schema":{"@context":"https:\/\/schema.org","@graph":[{"@type":"WebPage","@id":"https:\/\/studio-irresistible.com\/creation-book\/design-art-director-jerome-liniger\/","url":"https:\/\/studio-irresistible.com\/creation-book\/design-art-director-jerome-liniger\/","name":"J\u00e9r\u00f4me Liniger \/ Directeur associ\u00e9 - Designer Dir. Artistique - studio-irresistible - le book","isPartOf":{"@id":"https:\/\/studio-irresistible.com\/creation-book\/#website"},"primaryImageOfPage":{"@id":"https:\/\/studio-irresistible.com\/creation-book\/design-art-director-jerome-liniger\/#primaryimage"},"image":{"@id":"https:\/\/studio-irresistible.com\/creation-book\/design-art-director-jerome-liniger\/#primaryimage"},"thumbnailUrl":"https:\/\/studio-irresistible.com\/creation-book\/wp-content\/uploads\/2009\/09\/studio-irresistible_jerome-liniger_003-620x620.jpg","datePublished":"2013-11-16T14:11:24+00:00","dateModified":"2020-09-04T11:12:36+00:00","breadcrumb":{"@id":"https:\/\/studio-irresistible.com\/creation-book\/design-art-director-jerome-liniger\/#breadcrumb"},"inLanguage":"fr-FR","potentialAction":[{"@type":"ReadAction","target":["https:\/\/studio-irresistible.com\/creation-book\/design-art-director-jerome-liniger\/"]}]},{"@type":"ImageObject","inLanguage":"fr-FR","@id":"https:\/\/studio-irresistible.com\/creation-book\/design-art-director-jerome-liniger\/#primaryimage","url":"https:\/\/studio-irresistible.com\/creation-book\/wp-content\/uploads\/2009\/09\/studio-irresistible_jerome-liniger_003-620x620.jpg","contentUrl":"https:\/\/studio-irresistible.com\/creation-book\/wp-content\/uploads\/2009\/09\/studio-irresistible_jerome-liniger_003-620x620.jpg","width":620,"height":620},{"@type":"BreadcrumbList","@id":"https:\/\/studio-irresistible.com\/creation-book\/design-art-director-jerome-liniger\/#breadcrumb","itemListElement":[{"@type":"ListItem","position":1,"name":"Accueil","item":"https:\/\/studio-irresistible.com\/creation-book\/"},{"@type":"ListItem","position":2,"name":"J\u00e9r\u00f4me Liniger \/ Directeur associ\u00e9 &#8211; Designer Dir. Artistique"}]},{"@type":"WebSite","@id":"https:\/\/studio-irresistible.com\/creation-book\/#website","url":"https:\/\/studio-irresistible.com\/creation-book\/","name":"studio-irresistible - le book","description":"studio de cr\u00e9ation graphique \u00e0 Paris","potentialAction":[{"@type":"SearchAction","target":{"@type":"EntryPoint","urlTemplate":"https:\/\/studio-irresistible.com\/creation-book\/?s={search_term_string}"},"query-input":{"@type":"PropertyValueSpecification","valueRequired":true,"valueName":"search_term_string"}}],"inLanguage":"fr-FR"}]}},"uagb_featured_image_src":{"full":["https:\/\/studio-irresistible.com\/creation-book\/wp-content\/uploads\/2009\/09\/studio-irresistible_jerome-liniger_003-620x620.jpg",620,620,false],"thumbnail":["https:\/\/studio-irresistible.com\/creation-book\/wp-content\/uploads\/2009\/09\/studio-irresistible_jerome-liniger_003-620x620-150x150.jpg",150,150,true],"medium":["https:\/\/studio-irresistible.com\/creation-book\/wp-content\/uploads\/2009\/09\/studio-irresistible_jerome-liniger_003-620x620-300x300.jpg",300,300,true],"medium_large":["https:\/\/studio-irresistible.com\/creation-book\/wp-content\/uploads\/2009\/09\/studio-irresistible_jerome-liniger_003-620x620.jpg",620,620,false],"large":["https:\/\/studio-irresistible.com\/creation-book\/wp-content\/uploads\/2009\/09\/studio-irresistible_jerome-liniger_003-620x620.jpg",620,620,false],"1536x1536":["https:\/\/studio-irresistible.com\/creation-book\/wp-content\/uploads\/2009\/09\/studio-irresistible_jerome-liniger_003-620x620.jpg",620,620,false],"2048x2048":["https:\/\/studio-irresistible.com\/creation-book\/wp-content\/uploads\/2009\/09\/studio-irresistible_jerome-liniger_003-620x620.jpg",620,620,false],"mailpoet_newsletter_max":["https:\/\/studio-irresistible.com\/creation-book\/wp-content\/uploads\/2009\/09\/studio-irresistible_jerome-liniger_003-620x620.jpg",620,620,false],"menu-24x24":["https:\/\/studio-irresistible.com\/creation-book\/wp-content\/uploads\/2009\/09\/studio-irresistible_jerome-liniger_003-620x620.jpg",24,24,false],"menu-36x36":["https:\/\/studio-irresistible.com\/creation-book\/wp-content\/uploads\/2009\/09\/studio-irresistible_jerome-liniger_003-620x620.jpg",36,36,false],"menu-48x48":["https:\/\/studio-irresistible.com\/creation-book\/wp-content\/uploads\/2009\/09\/studio-irresistible_jerome-liniger_003-620x620.jpg",48,48,false]},"uagb_author_info":{"display_name":"irresistible","author_link":"https:\/\/studio-irresistible.com\/creation-book\/projets\/author\/irresistible\/"},"uagb_comment_info":0,"uagb_excerpt":"J\u00e9r\u00f4me Liniger, designer,\u00a0chef de projet, dessinateur de presse et plasticien, est\u00a0associ\u00e9 g\u00e9rant et fondateur avec N. JACQUETTE\u00a0et M\u00e9diane \u2013 Art &amp; Communication, du Studio Irr\u00e9sistible, fond\u00e9\u00a0en 2009. Dans le studio, il signe plus particuli\u00e8rement la\u00a0conception graphique\u00a0des projets en y insufflant son exp\u00e9rience de plasticien et sa culture graphique clairement venue de Suisse ! \u00a0J\u00e9r\u00f4me dirige\u00a0la\u2026","_links":{"self":[{"href":"https:\/\/studio-irresistible.com\/creation-book\/wp-json\/wp\/v2\/pages\/2627","targetHints":{"allow":["GET"]}}],"collection":[{"href":"https:\/\/studio-irresistible.com\/creation-book\/wp-json\/wp\/v2\/pages"}],"about":[{"href":"https:\/\/studio-irresistible.com\/creation-book\/wp-json\/wp\/v2\/types\/page"}],"author":[{"embeddable":true,"href":"https:\/\/studio-irresistible.com\/creation-book\/wp-json\/wp\/v2\/users\/1"}],"replies":[{"embeddable":true,"href":"https:\/\/studio-irresistible.com\/creation-book\/wp-json\/wp\/v2\/comments?post=2627"}],"version-history":[{"count":0,"href":"https:\/\/studio-irresistible.com\/creation-book\/wp-json\/wp\/v2\/pages\/2627\/revisions"}],"wp:featuredmedia":[{"embeddable":true,"href":"https:\/\/studio-irresistible.com\/creation-book\/wp-json\/wp\/v2\/media\/2652"}],"wp:attachment":[{"href":"https:\/\/studio-irresistible.com\/creation-book\/wp-json\/wp\/v2\/media?parent=2627"}],"wp:term":[{"taxonomy":"category","embeddable":true,"href":"https:\/\/studio-irresistible.com\/creation-book\/wp-json\/wp\/v2\/categories?post=2627"},{"taxonomy":"post_tag","embeddable":true,"href":"https:\/\/studio-irresistible.com\/creation-book\/wp-json\/wp\/v2\/tags?post=2627"}],"curies":[{"name":"wp","href":"https:\/\/api.w.org\/{rel}","templated":true}]}}